{"id":96,"date":"2015-03-13T20:21:17","date_gmt":"2015-03-13T19:21:17","guid":{"rendered":"http:\/\/www.bleibuir.info\/?page_id=96"},"modified":"2024-10-20T13:15:06","modified_gmt":"2024-10-20T11:15:06","slug":"raeumlichkeiten","status":"publish","type":"page","link":"http:\/\/www.bleibuir.info\/?page_id=96","title":{"rendered":"R\u00e4umlichkeiten"},"content":{"rendered":"<div class=\"fcbkbttn_buttons_block\" id=\"fcbkbttn_left\"><div class=\"fcbkbttn_button\">\n\t\t\t\t\t<a href=\"https:\/\/www.facebook.com\/\" target=\"_blank\">\n\t\t\t\t\t\t<img decoding=\"async\" src=\"http:\/\/www.bleibuir.info\/wp-content\/plugins\/facebook-button-plugin\/images\/standard-facebook-ico.png\" alt=\"Fb-Button\" \/>\n\t\t\t\t\t<\/a>\n\t\t\t\t<\/div><div class=\"fcbkbttn_like \"><fb:like href=\"http:\/\/www.bleibuir.info\/?page_id=96\" action=\"like\" colorscheme=\"light\" layout=\"standard\"  width=\"225px\" size=\"small\"><\/fb:like><\/div><\/div><figure id=\"attachment_104\" aria-describedby=\"caption-attachment-104\" style=\"width: 200px\" class=\"wp-caption alignleft\"><a href=\"http:\/\/www.bleibuir.info\/wp-content\/uploads\/2015\/03\/IMG_3813.jpg\"><img loading=\"lazy\" decoding=\"async\" class=\"size-medium wp-image-104\" src=\"http:\/\/www.bleibuir.info\/wp-content\/uploads\/2015\/03\/IMG_3813-200x300.jpg\" alt=\"Tischreihe geschm\u00fcckt\" width=\"200\" height=\"300\" srcset=\"http:\/\/www.bleibuir.info\/wp-content\/uploads\/2015\/03\/IMG_3813-200x300.jpg 200w, http:\/\/www.bleibuir.info\/wp-content\/uploads\/2015\/03\/IMG_3813-682x1024.jpg 682w, http:\/\/www.bleibuir.info\/wp-content\/uploads\/2015\/03\/IMG_3813.jpg 1037w\" sizes=\"auto, (max-width: 200px) 100vw, 200px\" \/><\/a><figcaption id=\"caption-attachment-104\" class=\"wp-caption-text\">Tischreihe geschm\u00fcckt<\/figcaption><\/figure>\n<p><span style=\"text-decoration: underline;\"><em><strong>Ausstattung:<\/strong><\/em><\/span><br \/>\nF\u00fcr 120 Personen:<br \/>\nBestuhlung, Tische, Geschirr, Besteck und Gl\u00e4ser.<br \/>\nK\u00fccheneinrichtung: mit Kochfeld, gro\u00dfem K\u00fchlschrank, Industriesp\u00fclmaschine mit spez. Gl\u00e4sereinsatz.<\/p>\n<p>Barrierefreier Zugang,<\/p>\n<p>Toiletten, gro\u00dfz\u00fcgige\u00a0 Parkm\u00f6glichkeiten<\/p>\n<p>Kinderspielplatz, Ruheb\u00e4nke und Bouleterrain im Au\u00dfenbereich<\/p>\n","protected":false},"excerpt":{"rendered":"<p>Ausstattung: F\u00fcr 120 Personen: Bestuhlung, Tische, Geschirr, Besteck und Gl\u00e4ser. K\u00fccheneinrichtung: mit Kochfeld, gro\u00dfem K\u00fchlschrank, Industriesp\u00fclmaschine mit spez. Gl\u00e4sereinsatz. Barrierefreier Zugang, Toiletten, gro\u00dfz\u00fcgige\u00a0 Parkm\u00f6glichkeiten Kinderspielplatz, Ruheb\u00e4nke und Bouleterrain im Au\u00dfenbereich<\/p>\n","protected":false},"author":1,"featured_media":0,"parent":92,"menu_order":10,"comment_status":"closed","ping_status":"closed","template":"","meta":{"footnotes":""},"class_list":["post-96","page","type-page","status-publish","hentry"],"_links":{"self":[{"href":"http:\/\/www.bleibuir.info\/index.php?rest_route=\/wp\/v2\/pages\/96","targetHints":{"allow":["GET"]}}],"collection":[{"href":"http:\/\/www.bleibuir.info\/index.php?rest_route=\/wp\/v2\/pages"}],"about":[{"href":"http:\/\/www.bleibuir.info\/index.php?rest_route=\/wp\/v2\/types\/page"}],"author":[{"embeddable":true,"href":"http:\/\/www.bleibuir.info\/index.php?rest_route=\/wp\/v2\/users\/1"}],"replies":[{"embeddable":true,"href":"http:\/\/www.bleibuir.info\/index.php?rest_route=%2Fwp%2Fv2%2Fcomments&post=96"}],"version-history":[{"count":6,"href":"http:\/\/www.bleibuir.info\/index.php?rest_route=\/wp\/v2\/pages\/96\/revisions"}],"predecessor-version":[{"id":408,"href":"http:\/\/www.bleibuir.info\/index.php?rest_route=\/wp\/v2\/pages\/96\/revisions\/408"}],"up":[{"embeddable":true,"href":"http:\/\/www.bleibuir.info\/index.php?rest_route=\/wp\/v2\/pages\/92"}],"wp:attachment":[{"href":"http:\/\/www.bleibuir.info\/index.php?rest_route=%2Fwp%2Fv2%2Fmedia&parent=96"}],"curies":[{"name":"wp","href":"https:\/\/api.w.org\/{rel}","templated":true}]}}