{"id":94,"date":"2015-03-13T20:20:13","date_gmt":"2015-03-13T19:20:13","guid":{"rendered":"http:\/\/www.bleibuir.info\/?page_id=94"},"modified":"2024-10-22T11:15:56","modified_gmt":"2024-10-22T09:15:56","slug":"foerderverein","status":"publish","type":"page","link":"http:\/\/www.bleibuir.info\/?page_id=94","title":{"rendered":"F\u00f6rderverein"},"content":{"rendered":"<div class=\"fcbkbttn_buttons_block\" id=\"fcbkbttn_left\"><div class=\"fcbkbttn_button\">\n\t\t\t\t\t<a href=\"https:\/\/www.facebook.com\/\" target=\"_blank\">\n\t\t\t\t\t\t<img decoding=\"async\" src=\"http:\/\/www.bleibuir.info\/wp-content\/plugins\/facebook-button-plugin\/images\/standard-facebook-ico.png\" alt=\"Fb-Button\" \/>\n\t\t\t\t\t<\/a>\n\t\t\t\t<\/div><div class=\"fcbkbttn_like \"><fb:like href=\"http:\/\/www.bleibuir.info\/?page_id=94\" action=\"like\" colorscheme=\"light\" layout=\"standard\"  width=\"225px\" size=\"small\"><\/fb:like><\/div><\/div><p>Der F\u00f6rderverein\u00a0 <em><strong>\u201eAlte Schule Bleibuir\u201c<\/strong> <\/em><br \/>hat sich zur Aufgabe gemacht, die R\u00e4umlichkeiten der alten Schule in Bleibuir f\u00fcr das d\u00f6rfliche Leben zu erhalten und einer breiten \u00d6ffentlichkeit zug\u00e4nglich zu machen.<br \/>Es finden hier Kulturveranstaltungen, Feste und Feierlichkeiten\u00a0 im \u00f6ffentlichen\u00a0 und privaten Rahmen statt.<br \/>Gerne werden die R\u00e4umlichkeiten auch f\u00fcr\u00a0 Hochzeiten, Kinderkommunion, Konfirmation, Geburtstage, Senioren-Veranstaltungen, Beerdigungskaffee, von Vereinen\u00a0 usw. angemietet.<br \/>Die gem\u00fctlichen, hellen R\u00e4umlichkeiten bieten Platz f\u00fcr max. 120 Personen.\u00a0<br \/>Feierlichkeiten mit eingedeckten Tischen sind f\u00fcr 80-100 Pers. m\u00f6glich.<\/p>\n<div><em><strong>An jedem Freitag findet in der Alten Schule\u00a0ein Dorftreff\u00a0statt! Wer mag,<\/strong><\/em><\/div>\n<div><em><strong>kann dort\u00a0Skat, Backgammon oder Schach spielen, oder sich auch nur zum Kl\u00f6nen<\/strong><\/em><\/div>\n<div><em><strong>zusammen treffen.<\/strong><\/em><\/div>\n<div><em><strong>Es gibt dort auch etwas zum Trinken, mit und ohne Alkohol, sowie Kleinigkeiten zum\u00a0<\/strong><\/em><\/div>\n<div><em><strong>Verzehren.<\/strong><\/em><\/div>\n\n\n<p><\/p>\n","protected":false},"excerpt":{"rendered":"<p>Der F\u00f6rderverein\u00a0 \u201eAlte Schule Bleibuir\u201c hat sich zur Aufgabe gemacht, die R\u00e4umlichkeiten der alten Schule in Bleibuir f\u00fcr das d\u00f6rfliche Leben zu erhalten und einer breiten \u00d6ffentlichkeit zug\u00e4nglich zu machen.Es [&hellip;]<\/p>\n","protected":false},"author":1,"featured_media":0,"parent":92,"menu_order":5,"comment_status":"closed","ping_status":"closed","template":"","meta":{"footnotes":""},"class_list":["post-94","page","type-page","status-publish","hentry"],"_links":{"self":[{"href":"http:\/\/www.bleibuir.info\/index.php?rest_route=\/wp\/v2\/pages\/94","targetHints":{"allow":["GET"]}}],"collection":[{"href":"http:\/\/www.bleibuir.info\/index.php?rest_route=\/wp\/v2\/pages"}],"about":[{"href":"http:\/\/www.bleibuir.info\/index.php?rest_route=\/wp\/v2\/types\/page"}],"author":[{"embeddable":true,"href":"http:\/\/www.bleibuir.info\/index.php?rest_route=\/wp\/v2\/users\/1"}],"replies":[{"embeddable":true,"href":"http:\/\/www.bleibuir.info\/index.php?rest_route=%2Fwp%2Fv2%2Fcomments&post=94"}],"version-history":[{"count":5,"href":"http:\/\/www.bleibuir.info\/index.php?rest_route=\/wp\/v2\/pages\/94\/revisions"}],"predecessor-version":[{"id":411,"href":"http:\/\/www.bleibuir.info\/index.php?rest_route=\/wp\/v2\/pages\/94\/revisions\/411"}],"up":[{"embeddable":true,"href":"http:\/\/www.bleibuir.info\/index.php?rest_route=\/wp\/v2\/pages\/92"}],"wp:attachment":[{"href":"http:\/\/www.bleibuir.info\/index.php?rest_route=%2Fwp%2Fv2%2Fmedia&parent=94"}],"curies":[{"name":"wp","href":"https:\/\/api.w.org\/{rel}","templated":true}]}}