{"id":26,"date":"2014-10-25T11:29:45","date_gmt":"2014-10-25T09:29:45","guid":{"rendered":"http:\/\/blog.bleibuir.info\/?page_id=26"},"modified":"2024-10-20T13:05:02","modified_gmt":"2024-10-20T11:05:02","slug":"geschichte","status":"publish","type":"page","link":"http:\/\/www.bleibuir.info\/?page_id=26","title":{"rendered":"Geschichte"},"content":{"rendered":"<div class=\"fcbkbttn_buttons_block\" id=\"fcbkbttn_left\"><div class=\"fcbkbttn_button\">\n\t\t\t\t\t<a href=\"https:\/\/www.facebook.com\/\" target=\"_blank\">\n\t\t\t\t\t\t<img decoding=\"async\" src=\"http:\/\/www.bleibuir.info\/wp-content\/plugins\/facebook-button-plugin\/images\/standard-facebook-ico.png\" alt=\"Fb-Button\" \/>\n\t\t\t\t\t<\/a>\n\t\t\t\t<\/div><div class=\"fcbkbttn_like \"><fb:like href=\"http:\/\/www.bleibuir.info\/?page_id=26\" action=\"like\" colorscheme=\"light\" layout=\"standard\"  width=\"225px\" size=\"small\"><\/fb:like><\/div><\/div><h1>Geschichte von Bleibuir<\/h1>\n<p>Der Ort Bleibuir wurde 893 erstmals als Bure im Pr\u00fcmer Urbar urkundlich erw\u00e4hnt. Wegen seiner Zugeh\u00f6rigkeit zur Herrschaft Schleiden im Mittelalter wurde es auch Schleidenbuere genannt. Wegen des Bleiabbaus nannte man es um 1512 Schleidenbuere\u00a0 Bleybuer. Heute hei\u00dft der Ort im Volksmund B\u00fcr. Bis 1969 war Bleibuir eine selbstst\u00e4ndige Gemeinde. Die Pfarrkirche St. Agnes, 1873 bis 1898 (Turm) wurde nach Pl\u00e4nen von Vinzenz Statz erbaut. Zu der Pfarrei St. Agnes geh\u00f6ren die Orte Bergbuir, Wielsp\u00fctz, Bescheid, L\u00fcckerath, Sch\u00fctzendorf und Heufahrts-H\u00fctte. Die alte Schule wird heute als Dorfgemeinschaftshaus unter F\u00fchrung des \u201eF\u00f6rdervereins Alte Schule e.V betrieben.<\/p>\n<p>Als Besonderheit gibt es einen ehemaligen j\u00fcdischen Friedhof. 1860 hatte der Ort 48 (14,5 %) j\u00fcdische Einwohner. Seit fr\u00fchester Zeit wurde in Bleibuir Bleierz abgebaut (bis 1957). Hiervon zeugt das Bleibergwerk &#8222;Gute Hoffnung&#8220; und viele Abraumhalden. Der Abbau ist bereits f\u00fcr die R\u00f6mer belegt, geht aber vermutlich schon auf die Kelten zur\u00fcck. In der N\u00e4he f\u00fchrte die R\u00f6merstra\u00dfe Trier-K\u00f6ln an der Ravenley unmittelbar \u00fcber den Bleiberg. Bleibuir geh\u00f6rte zum Kreis Schleiden Reg.Bez Aachen. Sp\u00e4ter Kreis Euskirchen. Bis 1969 geh\u00f6rte Bleibuir zum Amt Hergarten und wurde am 1. Juli 1969 des Stadt Mechernich zugeordnet. In Bleibuir liegen Quellen des Rotbach und im S\u00fcden flie\u00dft der Schliebach im Dorf als Queibach bekannt. Dieser f\u00fchrt aber nur bei Starkregen oder im Winter kurzzeitig Wasser.<\/p>\n<p>Durch den Ort f\u00fchrt der ca. 140 km lange Fernwanderweg\u00a0 von Bonn nach Aachen, in Anlehnung an den Weg der deutschen K\u00f6nige zu ihrer Kr\u00f6nung in Aachen &#8222;Kr\u00f6nungsweg&#8220; genannt,.<\/p>\n<p>(aus div. Quellen entnommen)<\/p>\n","protected":false},"excerpt":{"rendered":"<p>Geschichte von Bleibuir Der Ort Bleibuir wurde 893 erstmals als Bure im Pr\u00fcmer Urbar urkundlich erw\u00e4hnt. Wegen seiner Zugeh\u00f6rigkeit zur Herrschaft Schleiden im Mittelalter wurde es auch Schleidenbuere genannt. Wegen [&hellip;]<\/p>\n","protected":false},"author":1,"featured_media":0,"parent":134,"menu_order":5,"comment_status":"closed","ping_status":"closed","template":"","meta":{"footnotes":""},"class_list":["post-26","page","type-page","status-publish","hentry"],"_links":{"self":[{"href":"http:\/\/www.bleibuir.info\/index.php?rest_route=\/wp\/v2\/pages\/26","targetHints":{"allow":["GET"]}}],"collection":[{"href":"http:\/\/www.bleibuir.info\/index.php?rest_route=\/wp\/v2\/pages"}],"about":[{"href":"http:\/\/www.bleibuir.info\/index.php?rest_route=\/wp\/v2\/types\/page"}],"author":[{"embeddable":true,"href":"http:\/\/www.bleibuir.info\/index.php?rest_route=\/wp\/v2\/users\/1"}],"replies":[{"embeddable":true,"href":"http:\/\/www.bleibuir.info\/index.php?rest_route=%2Fwp%2Fv2%2Fcomments&post=26"}],"version-history":[{"count":5,"href":"http:\/\/www.bleibuir.info\/index.php?rest_route=\/wp\/v2\/pages\/26\/revisions"}],"predecessor-version":[{"id":404,"href":"http:\/\/www.bleibuir.info\/index.php?rest_route=\/wp\/v2\/pages\/26\/revisions\/404"}],"up":[{"embeddable":true,"href":"http:\/\/www.bleibuir.info\/index.php?rest_route=\/wp\/v2\/pages\/134"}],"wp:attachment":[{"href":"http:\/\/www.bleibuir.info\/index.php?rest_route=%2Fwp%2Fv2%2Fmedia&parent=26"}],"curies":[{"name":"wp","href":"https:\/\/api.w.org\/{rel}","templated":true}]}}